{"id":887,"date":"2026-02-09T20:33:26","date_gmt":"2026-02-09T20:33:26","guid":{"rendered":"https:\/\/sketchup.geosysteming.com\/?post_type=product&#038;p=887"},"modified":"2026-02-24T14:09:13","modified_gmt":"2026-02-24T14:09:13","slug":"education-subscription","status":"publish","type":"product","link":"https:\/\/sketchup.geosysteming.com\/index.php\/product\/education-subscription\/","title":{"rendered":"EDUCATION SUBSCRIPTION"},"content":{"rendered":"<p>\u00bfQui\u00e9nes cumplen los requisitos?<br \/>\nLas licencias de SketchUp Studio para Universidades de Trimble est\u00e1n disponibles para instituciones educativas acreditadas, exclusivamente para su uso en entornos educativos. Las instituciones que deseen utilizar SketchUp para cualquier fin que no sea la docencia no pueden optar a los precios educativos y deber\u00e1n adquirir las licencias comerciales de Trimble. Los departamentos de Investigaci\u00f3n e Instalaciones\/Planificaci\u00f3n de las instituciones educativas no pueden optar a los precios educativos. Las licencias educativas de SketchUp no pueden utilizarse para ning\u00fan tipo de trabajo comercial (con \u00e1nimo de lucro). Los estudiantes individuales no pueden comprar licencias de laboratorio y deben comprar la licencia de 1 a\u00f1o de Sketchup Studio para estudiantes.<\/p>\n","protected":false},"excerpt":{"rendered":"<p>Las licencias de 1 a\u00f1o de SketchUp Studio para Universidades son licencias de usuario (no licencias de dispositivo) que se asignan a estudiantes\/profesores. Los administradores pueden implementar y gestionar f\u00e1cilmente varias suscripciones mediante las nuevas funciones de carga y gesti\u00f3n masiva de usuarios. Intercambie y reorganice los permisos f\u00e1cilmente.<\/p>\n<p>SketchUp Studio incluye SketchUp para escritorio, SketchUp para modelador web, Scan Essentials, Sefaira, Trimble Connect Business, LayOut, Mobile Viewer, PreDesign, AI Render y SketchUp para iPad. SketchUp Studio para Universidades no incluye V-Ray.<\/p>\n<p><input onclick=\"location.href='https:\/\/geostore.geosysteming.com\/product\/education-subscription\/';\" type=\"submit\" value=\"COMPRAR\"\/><\/p>\n","protected":false},"featured_media":900,"template":"","meta":[],"product_brand":[25],"product_cat":[24],"product_tag":[],"class_list":{"0":"post-887","1":"product","2":"type-product","3":"status-publish","4":"has-post-thumbnail","6":"product_brand-sketchup","7":"product_cat-software","9":"first","10":"instock","11":"shipping-taxable","12":"purchasable","13":"product-type-simple"},"_links":{"self":[{"href":"https:\/\/sketchup.geosysteming.com\/index.php\/wp-json\/wp\/v2\/product\/887","targetHints":{"allow":["GET"]}}],"collection":[{"href":"https:\/\/sketchup.geosysteming.com\/index.php\/wp-json\/wp\/v2\/product"}],"about":[{"href":"https:\/\/sketchup.geosysteming.com\/index.php\/wp-json\/wp\/v2\/types\/product"}],"wp:featuredmedia":[{"embeddable":true,"href":"https:\/\/sketchup.geosysteming.com\/index.php\/wp-json\/wp\/v2\/media\/900"}],"wp:attachment":[{"href":"https:\/\/sketchup.geosysteming.com\/index.php\/wp-json\/wp\/v2\/media?parent=887"}],"wp:term":[{"taxonomy":"product_brand","embeddable":true,"href":"https:\/\/sketchup.geosysteming.com\/index.php\/wp-json\/wp\/v2\/product_brand?post=887"},{"taxonomy":"product_cat","embeddable":true,"href":"https:\/\/sketchup.geosysteming.com\/index.php\/wp-json\/wp\/v2\/product_cat?post=887"},{"taxonomy":"product_tag","embeddable":true,"href":"https:\/\/sketchup.geosysteming.com\/index.php\/wp-json\/wp\/v2\/product_tag?post=887"}],"curies":[{"name":"wp","href":"https:\/\/api.w.org\/{rel}","templated":true}]}}