{"id":88,"date":"2021-04-09T16:52:26","date_gmt":"2021-04-09T16:52:26","guid":{"rendered":"https:\/\/startersites.io\/blocksy\/homi\/?post_type=product&#038;p=88"},"modified":"2026-02-19T16:16:54","modified_gmt":"2026-02-19T16:16:54","slug":"pro","status":"publish","type":"product","link":"https:\/\/sketchup.geosysteming.com\/index.php\/product\/pro\/","title":{"rendered":"PRO SUBSCRIPTION"},"content":{"rendered":"<p>Completo kit de herramientas 3D para flujos de trabajo de dise\u00f1o profesionales<br \/>\nSketchUp Pro es un kit de herramientas de dise\u00f1o 3D completo. Desarrollado para profesionales de la arquitectura, la construcci\u00f3n, el dise\u00f1o de interiores y m\u00e1s, Pro te brinda un conjunto de herramientas intuitivo, poderoso e incre\u00edblemente vers\u00e1til.<\/p>\n<p>Pro te permite conceptualizar, iterar y comunicar tus ideas en 3D r\u00e1pidamente con una flexibilidad inigualable. Desde el boceto inicial hasta un modelo complejo, las s\u00f3lidas herramientas de modelado te dan libertad para explorar cada \u00e1ngulo y detalle. Haz que tu visi\u00f3n creativa se convierta en dise\u00f1os construibles con una documentaci\u00f3n precisa y detallada.<\/p>\n<p>Pro ofrece un kit de herramientas adaptable que crece junto a tus necesidades.<\/p>\n<p>Libera el lenguaje universal del 3D, desde los primeros vol\u00famenes conceptuales hasta los dise\u00f1os 3D detallados finales.<br \/>\nTransforma tus modelos 3D en planos 2D profesionales, presentaciones, animaciones y documentos de construcci\u00f3n.<br \/>\nAccede a datos fundamentales sobre el clima para tomar decisiones de dise\u00f1o informadas en las etapas tempranas y optimizarlas para mayor sostenibilidad.<br \/>\nColabora sin problemas con miembros del equipo, comparte archivos y gestiona los datos del proyecto en la nube.<br \/>\nPresenta y revisa los modelos directamente desde tus dispositivos m\u00f3viles, en cualquier momento y lugar.<br \/>\nAccede a una amplia biblioteca de modelos, materiales y plantillas predise\u00f1ados para acelerar el proceso de dise\u00f1o.<br \/>\nAmpl\u00eda la funcionalidad de SketchUp con miles de complementos especializados para ayudar a adaptar y optimizar tu flujo de trabajo.<br \/>\nPro incluye: SketchUp para escritorio (Windows y Mac), SketchUp para iPad, SketchUp para web, LayOut, PreDesign, 3D Warehouse, Extension Warehouse, Trimble Connect y visores m\u00f3viles (web y iPad).<\/p>\n","protected":false},"excerpt":{"rendered":"<p>Incluye:<br \/>\n\u25aa Modelador 3D de escritorio<br \/>\n\u25aa Documentaci\u00f3n de dise\u00f1o 2D con LayOut<br \/>\n\u25aa Informaci\u00f3n clim\u00e1tica r\u00e1pida con PreDesign<br \/>\n\u25aa M\u00e1s de 1000 extensiones para flujos de trabajo personalizados<br \/>\n\u25aa Compatibilidad mejorada con IFC y DWG<br \/>\n\u25aa modeladores 3D basados en iPad y web<br \/>\n\u25aa Acceda a muebles y materiales prefabricados<br \/>\n\u25aa Dise\u00f1o con materiales fotorrealistas (solo iPad)<br \/>\n\u25aa Almacene proyectos con almacenamiento ilimitado en la nube<br \/>\n\u25aa Visor m\u00f3vil para web e iOS<br \/>\n\u25aa Comparte de forma segura, visualiza y comenta en tiempo real<\/p>\n<p><input onclick=\"location.href='https:\/\/geostore.geosysteming.com\/product\/pro-subscription\/';\" type=\"submit\" value=\"COMPRAR\"\/><\/p>\n","protected":false},"featured_media":885,"template":"","meta":[],"product_brand":[25],"product_cat":[24],"product_tag":[],"class_list":{"0":"post-88","1":"product","2":"type-product","3":"status-publish","4":"has-post-thumbnail","6":"product_brand-sketchup","7":"product_cat-software","9":"first","10":"instock","11":"virtual","12":"purchasable","13":"product-type-simple"},"_links":{"self":[{"href":"https:\/\/sketchup.geosysteming.com\/index.php\/wp-json\/wp\/v2\/product\/88","targetHints":{"allow":["GET"]}}],"collection":[{"href":"https:\/\/sketchup.geosysteming.com\/index.php\/wp-json\/wp\/v2\/product"}],"about":[{"href":"https:\/\/sketchup.geosysteming.com\/index.php\/wp-json\/wp\/v2\/types\/product"}],"wp:featuredmedia":[{"embeddable":true,"href":"https:\/\/sketchup.geosysteming.com\/index.php\/wp-json\/wp\/v2\/media\/885"}],"wp:attachment":[{"href":"https:\/\/sketchup.geosysteming.com\/index.php\/wp-json\/wp\/v2\/media?parent=88"}],"wp:term":[{"taxonomy":"product_brand","embeddable":true,"href":"https:\/\/sketchup.geosysteming.com\/index.php\/wp-json\/wp\/v2\/product_brand?post=88"},{"taxonomy":"product_cat","embeddable":true,"href":"https:\/\/sketchup.geosysteming.com\/index.php\/wp-json\/wp\/v2\/product_cat?post=88"},{"taxonomy":"product_tag","embeddable":true,"href":"https:\/\/sketchup.geosysteming.com\/index.php\/wp-json\/wp\/v2\/product_tag?post=88"}],"curies":[{"name":"wp","href":"https:\/\/api.w.org\/{rel}","templated":true}]}}