{"id":283,"date":"2021-04-12T16:42:18","date_gmt":"2021-04-12T16:42:18","guid":{"rendered":"https:\/\/startersites.io\/blocksy\/homi\/?post_type=product&#038;p=283"},"modified":"2026-02-19T16:15:50","modified_gmt":"2026-02-19T16:15:50","slug":"go","status":"publish","type":"product","link":"https:\/\/sketchup.geosysteming.com\/index.php\/product\/go\/","title":{"rendered":"GO SUBSCRIPTION"},"content":{"rendered":"<p>Para dise\u00f1o 3D esencial en iPad y web<br \/>\nGo, que potencia la creatividad de dise\u00f1adores, empresas independientes y entusiastas del dise\u00f1o, ofrece un kit esencial de herramientas de dise\u00f1o 3D, donde lo intuitivo se une a lo funcional. Al ofrecer herramientas accesibles de nivel profesional, Go facilita el uso de poderosas funciones en las versiones para iPad y web, permiti\u00e9ndote esbozar y perfeccionar dise\u00f1os r\u00e1pidamente sin las complejidades del software tradicional.<\/p>\n<p>Go, ideal para dise\u00f1adores que buscan una suscripci\u00f3n que aporte valor, brinda un kit de herramientas vers\u00e1til que se adapta a tus necesidades de dise\u00f1o en constante evoluci\u00f3n.<\/p>\n<p>Haz que tus ideas cobren vida con herramientas de modelado y visualizaci\u00f3n 3D poderosas e intuitivas.<br \/>\nAcelera el proceso de dise\u00f1o con acceso a una biblioteca de plantillas, materiales y componentes 3D predise\u00f1ados.<br \/>\nImporta y exporta una amplia variedad de formatos de archivo 2D y 3D para colaborar con otros equipos.<br \/>\nDisfruta de una suscripci\u00f3n accesible que ofrece capacidades profesionales a un precio asequible.<br \/>\nDise\u00f1a desde cualquier lugar con acceso a la nube para garantizar un flujo de trabajo ininterrumpido.<br \/>\nComparte modelos sin esfuerzo y colabora con los miembros del equipo a trav\u00e9s de la nube.<br \/>\nGo incluye: SketchUp para web, SketchUp para iPad, 3D Warehouse, visores m\u00f3viles (web y iPad) y Trimble Connect.<\/p>\n","protected":false},"excerpt":{"rendered":"<p>Incluye:<br \/>\n\u25aa Solo para modeladores 3D basados en iPad y web<br \/>\n\u25aa Acceda a muebles y materiales prefabricados<br \/>\n\u25aa Dise\u00f1o con materiales fotorrealistas (solo iPad)<br \/>\n\u25aa Almacene proyectos con almacenamiento ilimitado en la nube<br \/>\n\u25aa Visor m\u00f3vil para web e iOS<br \/>\n\u25aa Comparte de forma segura, visualiza y comenta en tiempo real<\/p>\n<p><input onclick=\"location.href='https:\/\/geostore.geosysteming.com\/product\/go-subscription\/';\" type=\"submit\" value=\"COMPRAR\"\/><\/p>\n","protected":false},"featured_media":886,"template":"","meta":[],"product_brand":[25],"product_cat":[24],"product_tag":[],"class_list":{"0":"post-283","1":"product","2":"type-product","3":"status-publish","4":"has-post-thumbnail","6":"product_brand-sketchup","7":"product_cat-software","9":"first","10":"instock","11":"virtual","12":"purchasable","13":"product-type-simple"},"_links":{"self":[{"href":"https:\/\/sketchup.geosysteming.com\/index.php\/wp-json\/wp\/v2\/product\/283","targetHints":{"allow":["GET"]}}],"collection":[{"href":"https:\/\/sketchup.geosysteming.com\/index.php\/wp-json\/wp\/v2\/product"}],"about":[{"href":"https:\/\/sketchup.geosysteming.com\/index.php\/wp-json\/wp\/v2\/types\/product"}],"wp:featuredmedia":[{"embeddable":true,"href":"https:\/\/sketchup.geosysteming.com\/index.php\/wp-json\/wp\/v2\/media\/886"}],"wp:attachment":[{"href":"https:\/\/sketchup.geosysteming.com\/index.php\/wp-json\/wp\/v2\/media?parent=283"}],"wp:term":[{"taxonomy":"product_brand","embeddable":true,"href":"https:\/\/sketchup.geosysteming.com\/index.php\/wp-json\/wp\/v2\/product_brand?post=283"},{"taxonomy":"product_cat","embeddable":true,"href":"https:\/\/sketchup.geosysteming.com\/index.php\/wp-json\/wp\/v2\/product_cat?post=283"},{"taxonomy":"product_tag","embeddable":true,"href":"https:\/\/sketchup.geosysteming.com\/index.php\/wp-json\/wp\/v2\/product_tag?post=283"}],"curies":[{"name":"wp","href":"https:\/\/api.w.org\/{rel}","templated":true}]}}