{"id":26,"date":"2021-04-09T15:25:49","date_gmt":"2021-04-09T15:25:49","guid":{"rendered":"https:\/\/startersites.io\/blocksy\/homi\/?post_type=product&#038;p=26"},"modified":"2026-02-19T16:17:25","modified_gmt":"2026-02-19T16:17:25","slug":"estudio","status":"publish","type":"product","link":"https:\/\/sketchup.geosysteming.com\/index.php\/product\/estudio\/","title":{"rendered":"STUDIO SUBSCRIPTION"},"content":{"rendered":"<p>Para flujos de trabajo avanzados de visualizaci\u00f3n y BIM | Solo para Windows<br \/>\nStudio te ofrece todas las herramientas necesarias para mejorar tus proyectos profesionales con seguridad. Adem\u00e1s del kit de herramientas de Pro, puedes acceder a importaciones eficientes de Revit y nubes de puntos, renderizado fotorrealista con V-Ray y m\u00e1s.<\/p>\n<p>Utiliza el modelado r\u00e1pido y el intercambio eficiente de archivos para iterar conceptos r\u00e1pidamente con los dise\u00f1adores y entre equipos.<br \/>\nImporta y convierte modelos, familias y vistas 3D de Revit en un modelo de SketchUp para una iteraci\u00f3n r\u00e1pida y creativa en cualquier fase del proyecto.<br \/>\nGenera elementos visuales fotorrealistas de alta calidad para hacer presentaciones ganadoras con las funciones est\u00e1ndar de la industria de V-Ray.<br \/>\nLleva las condiciones existentes o predise\u00f1adas a SketchUp como modelo de referencia mediante nubes de puntos 3D.<br \/>\nModela seg\u00fan datos de nubes de puntos para crear dise\u00f1os r\u00e1pidamente o usa nubes de puntos para recopilaci\u00f3n de datos y medidas.<br \/>\nStudio incluye: Importador de Revit, Scan Essentials, V-Ray para SketchUp, m\u00e1s todo lo incluido en la suscripci\u00f3n Pro (SketchUp para escritorio, SketchUp para iPad, SketchUp para web, LayOut, PreDesign, 3D Warehouse, Extension Warehouse, Trimble Connect).<\/p>\n","protected":false},"excerpt":{"rendered":"<p>Incluye:<br \/>\n\u25aa Importador de Revit a SketchUp<br \/>\n\u25aa Modelar en nubes de puntos 3D y documentar en 2D<br \/>\n\u25aa Genere im\u00e1genes fotorrealistas de alta calidad<br \/>\n\u25aa Exportar animaciones renderizadas y panoramas de 360\u00b0<br \/>\n\u25aa Modelador exclusivo para Windows<br \/>\n\u25aa Modelador 3D de escritorio<br \/>\n\u25aa Documentaci\u00f3n de dise\u00f1o 2D con LayOut<br \/>\n\u25aa Informaci\u00f3n clim\u00e1tica r\u00e1pida con PreDesign<br \/>\n\u25aa M\u00e1s de 1000 extensiones para flujos de trabajo personalizados<br \/>\n\u25aa Compatibilidad mejorada con IFC y DWG<br \/>\n\u25aa modeladores 3D basados en iPad y web<br \/>\n\u25aa Acceda a muebles y materiales prefabricados<br \/>\n\u25aa Dise\u00f1o con materiales fotorrealistas (solo iPad)<br \/>\n\u25aa Almacene proyectos con almacenamiento ilimitado en la nube<br \/>\n\u25aa Visor m\u00f3vil para web e iOS<br \/>\n\u25aa Comparte de forma segura, visualiza y comenta en tiempo real<\/p>\n<p><input onclick=\"location.href='https:\/\/geostore.geosysteming.com\/product\/studio-subscription\/';\" type=\"submit\" value=\"COMPRAR\"\/><\/p>\n","protected":false},"featured_media":884,"template":"","meta":[],"product_brand":[25],"product_cat":[24],"product_tag":[],"class_list":{"0":"post-26","1":"product","2":"type-product","3":"status-publish","4":"has-post-thumbnail","6":"product_brand-sketchup","7":"product_cat-software","9":"first","10":"instock","11":"virtual","12":"purchasable","13":"product-type-simple"},"_links":{"self":[{"href":"https:\/\/sketchup.geosysteming.com\/index.php\/wp-json\/wp\/v2\/product\/26","targetHints":{"allow":["GET"]}}],"collection":[{"href":"https:\/\/sketchup.geosysteming.com\/index.php\/wp-json\/wp\/v2\/product"}],"about":[{"href":"https:\/\/sketchup.geosysteming.com\/index.php\/wp-json\/wp\/v2\/types\/product"}],"wp:featuredmedia":[{"embeddable":true,"href":"https:\/\/sketchup.geosysteming.com\/index.php\/wp-json\/wp\/v2\/media\/884"}],"wp:attachment":[{"href":"https:\/\/sketchup.geosysteming.com\/index.php\/wp-json\/wp\/v2\/media?parent=26"}],"wp:term":[{"taxonomy":"product_brand","embeddable":true,"href":"https:\/\/sketchup.geosysteming.com\/index.php\/wp-json\/wp\/v2\/product_brand?post=26"},{"taxonomy":"product_cat","embeddable":true,"href":"https:\/\/sketchup.geosysteming.com\/index.php\/wp-json\/wp\/v2\/product_cat?post=26"},{"taxonomy":"product_tag","embeddable":true,"href":"https:\/\/sketchup.geosysteming.com\/index.php\/wp-json\/wp\/v2\/product_tag?post=26"}],"curies":[{"name":"wp","href":"https:\/\/api.w.org\/{rel}","templated":true}]}}