{"id":721,"date":"2025-10-20T16:07:48","date_gmt":"2025-10-20T16:07:48","guid":{"rendered":"https:\/\/sketchup.geosysteming.com\/?page_id=721"},"modified":"2026-02-06T16:47:04","modified_gmt":"2026-02-06T16:47:04","slug":"soluciones-por-industria","status":"publish","type":"page","link":"https:\/\/sketchup.geosysteming.com\/index.php\/soluciones-por-industria\/","title":{"rendered":"Soluciones por industria"},"content":{"rendered":"\n<div class=\"wp-block-stackable-columns stk-block-columns stk-block stk-a040110\" data-block-id=\"a040110\"><div class=\"stk-row stk-inner-blocks stk-block-content stk-content-align stk-a040110-column\">\n<div class=\"wp-block-stackable-column stk-block-column stk-column stk-block stk-c90ae98\" data-v=\"4\" data-block-id=\"c90ae98\"><div class=\"stk-column-wrapper stk-block-column__content stk-container stk-c90ae98-container stk--no-background stk--no-padding\"><div class=\"stk-block-content stk-inner-blocks stk-c90ae98-inner-blocks\">\n<div class=\"wp-block-stackable-card stk-block-card stk-block stk-fd9eb23 is-style-default-2\" data-v=\"2\" data-block-id=\"fd9eb23\"><style>.stk-fd9eb23 .stk-block-card__image img{object-position:47% 65% !important;}<\/style><div class=\"stk--no-padding stk-container stk-fd9eb23-container stk-hover-parent\"><figure class=\"stk-block-card__image stk-img-wrapper stk-image--shape-stretch\"><img loading=\"lazy\" decoding=\"async\" class=\"stk-img wp-image-812\" src=\"https:\/\/sketchup.geosysteming.com\/wp-content\/uploads\/2026\/02\/VizArch-II-op3-scaled.jpg\" width=\"2560\" height=\"1248\" srcset=\"https:\/\/sketchup.geosysteming.com\/wp-content\/uploads\/2026\/02\/VizArch-II-op3-scaled.jpg 2560w, https:\/\/sketchup.geosysteming.com\/wp-content\/uploads\/2026\/02\/VizArch-II-op3-300x146.jpg 300w, https:\/\/sketchup.geosysteming.com\/wp-content\/uploads\/2026\/02\/VizArch-II-op3-1024x499.jpg 1024w, https:\/\/sketchup.geosysteming.com\/wp-content\/uploads\/2026\/02\/VizArch-II-op3-768x374.jpg 768w, https:\/\/sketchup.geosysteming.com\/wp-content\/uploads\/2026\/02\/VizArch-II-op3-1536x749.jpg 1536w, https:\/\/sketchup.geosysteming.com\/wp-content\/uploads\/2026\/02\/VizArch-II-op3-2048x998.jpg 2048w, https:\/\/sketchup.geosysteming.com\/wp-content\/uploads\/2026\/02\/VizArch-II-op3-600x293.jpg 600w\" sizes=\"auto, (max-width: 2560px) 100vw, 2560px\" \/><\/figure><div class=\"stk-container-padding stk-block-card__content\"><div class=\"stk-block-content stk-inner-blocks stk-fd9eb23-inner-blocks\">\n<div class=\"wp-block-stackable-heading stk-block-heading stk-block-heading--v2 stk-block stk-90413c5\" id=\"arquitectura\" data-block-id=\"90413c5\"><h2 class=\"stk-block-heading__text\">Arquitectura<\/h2><\/div>\n\n\n\n<div class=\"wp-block-stackable-text stk-block-text stk-block stk-7268c0b\" data-block-id=\"7268c0b\"><p class=\"stk-block-text__text has-text-align-justify\">o SketchUp est\u00e1 dise\u00f1ado para funcionar como tu mano: m\u00e1s como un l\u00e1piz que como un software de modelado 3D complejo. Dibuja todo lo que imagines, con eficiencia.<br>o Comunique sus dise\u00f1os en 2D con precisi\u00f3n. Dibuje planos, alzados, secciones y detalles. Lo mejor: cuando su modelo cambia, tambi\u00e9n lo hacen sus documentos. F\u00e1cil.<br>o Desde dibujos lineales detallados hasta im\u00e1genes fotorrealistas, sumerge a tus clientes en su futuro espacio con una materialidad realista y consigue m\u00e1s trabajo. Comparte y recopila comentarios f\u00e1cilmente con tus clientes gracias a los comentarios en la aplicaci\u00f3n y la visualizaci\u00f3n en tiempo real.<\/p><\/div>\n<\/div><\/div><\/div><\/div>\n<\/div><\/div><\/div>\n\n\n\n<div class=\"wp-block-stackable-column stk-block-column stk-column stk-block stk-4a66bdf\" data-v=\"4\" data-block-id=\"4a66bdf\"><div class=\"stk-column-wrapper stk-block-column__content stk-container stk-4a66bdf-container stk--no-background stk--no-padding\"><div class=\"stk-block-content stk-inner-blocks stk-4a66bdf-inner-blocks\">\n<div class=\"wp-block-stackable-card stk-block-card stk-block stk-396a1dc is-style-default-2\" data-v=\"2\" data-block-id=\"396a1dc\"><style>.stk-396a1dc .stk-block-card__image img{object-position:89% 56.99999999999999% !important;}<\/style><div class=\"stk--no-padding stk-container stk-396a1dc-container stk-hover-parent\"><figure class=\"stk-block-card__image stk-img-wrapper stk-image--shape-stretch\"><img loading=\"lazy\" decoding=\"async\" class=\"stk-img wp-image-850\" src=\"https:\/\/sketchup.geosysteming.com\/wp-content\/uploads\/2026\/02\/Topografia.jpg.jpeg\" width=\"1911\" height=\"1028\" srcset=\"https:\/\/sketchup.geosysteming.com\/wp-content\/uploads\/2026\/02\/Topografia.jpg.jpeg 1911w, https:\/\/sketchup.geosysteming.com\/wp-content\/uploads\/2026\/02\/Topografia.jpg-300x161.jpeg 300w, https:\/\/sketchup.geosysteming.com\/wp-content\/uploads\/2026\/02\/Topografia.jpg-1024x551.jpeg 1024w, https:\/\/sketchup.geosysteming.com\/wp-content\/uploads\/2026\/02\/Topografia.jpg-768x413.jpeg 768w, https:\/\/sketchup.geosysteming.com\/wp-content\/uploads\/2026\/02\/Topografia.jpg-1536x826.jpeg 1536w, https:\/\/sketchup.geosysteming.com\/wp-content\/uploads\/2026\/02\/Topografia.jpg-600x323.jpeg 600w\" sizes=\"auto, (max-width: 1911px) 100vw, 1911px\" \/><\/figure><div class=\"stk-container-padding stk-block-card__content\"><div class=\"stk-block-content stk-inner-blocks stk-396a1dc-inner-blocks\">\n<div class=\"wp-block-stackable-heading stk-block-heading stk-block-heading--v2 stk-block stk-abf47c9\" id=\"topografia\" data-block-id=\"abf47c9\"><h2 class=\"stk-block-heading__text\">Topograf\u00eda<\/h2><\/div>\n\n\n\n<p>o Nos permite Geolocalizar un modelo o a\u00f1adir terreno situando un dise\u00f1o de SketchUp en un entorno real. Al usar la funci\u00f3n Add Location (A\u00f1adir localizaci\u00f3n), nos facilita importar datos o contexto de un sitio o crear tu propio terreno, puedes mejorar un modelo con datos de ubicaci\u00f3n espec\u00edficos y precisos y con el contexto del sitio.<br>o Combine SketchUp con las tecnolog\u00edas de Trimble para que el trabajo sea m\u00e1s r\u00e1pido, asequible, ecol\u00f3gico y seguro en cada fase de dise\u00f1o, construcci\u00f3n y operaci\u00f3n.<br>o Desde contornos y geolocalizaci\u00f3n hasta importaci\u00f3n de datos GIS sketchup cuenta con m\u00faltiles herramientas para obtener una representaci\u00f3n precisa del entorno geogr\u00e1fico<\/p>\n<\/div><\/div><\/div><\/div>\n<\/div><\/div><\/div>\n\n\n\n<div class=\"wp-block-stackable-column stk-block-column stk-column stk-block stk-90fc8ea\" data-v=\"4\" data-block-id=\"90fc8ea\"><div class=\"stk-column-wrapper stk-block-column__content stk-container stk-90fc8ea-container stk--no-background stk--no-padding\"><div class=\"stk-block-content stk-inner-blocks stk-90fc8ea-inner-blocks\">\n<div class=\"wp-block-stackable-card stk-block-card stk-block stk-2058485 is-style-default-2\" data-v=\"2\" data-block-id=\"2058485\"><div class=\"stk--no-padding stk-container stk-2058485-container stk-hover-parent\"><figure class=\"stk-block-card__image stk-img-wrapper stk-image--shape-stretch\"><img loading=\"lazy\" decoding=\"async\" class=\"stk-img wp-image-808\" src=\"https:\/\/sketchup.geosysteming.com\/wp-content\/uploads\/2026\/02\/VizConst-op2-scaled.jpg\" width=\"2560\" height=\"1248\" srcset=\"https:\/\/sketchup.geosysteming.com\/wp-content\/uploads\/2026\/02\/VizConst-op2-scaled.jpg 2560w, https:\/\/sketchup.geosysteming.com\/wp-content\/uploads\/2026\/02\/VizConst-op2-300x146.jpg 300w, https:\/\/sketchup.geosysteming.com\/wp-content\/uploads\/2026\/02\/VizConst-op2-1024x499.jpg 1024w, https:\/\/sketchup.geosysteming.com\/wp-content\/uploads\/2026\/02\/VizConst-op2-768x374.jpg 768w, https:\/\/sketchup.geosysteming.com\/wp-content\/uploads\/2026\/02\/VizConst-op2-1536x749.jpg 1536w, https:\/\/sketchup.geosysteming.com\/wp-content\/uploads\/2026\/02\/VizConst-op2-2048x998.jpg 2048w, https:\/\/sketchup.geosysteming.com\/wp-content\/uploads\/2026\/02\/VizConst-op2-600x293.jpg 600w\" sizes=\"auto, (max-width: 2560px) 100vw, 2560px\" \/><\/figure><div class=\"stk-container-padding stk-block-card__content\"><div class=\"stk-block-content stk-inner-blocks stk-2058485-inner-blocks\">\n<div class=\"wp-block-stackable-heading stk-block-heading stk-block-heading--v2 stk-block stk-1024082\" id=\"construccion\" data-block-id=\"1024082\"><h2 class=\"stk-block-heading__text\">Construcci\u00f3n <\/h2><\/div>\n\n\n\n<div class=\"wp-block-stackable-text stk-block-text stk-block stk-390ea10\" data-block-id=\"390ea10\"><p class=\"stk-block-text__text has-text-align-justify\">o Reduzca la repetici\u00f3n del trabajo y coord\u00ednese con los equipos durante la construcci\u00f3n de manera m\u00e1s efectiva con el software de construcci\u00f3n de SketchUp.<br>o Ahorre tiempo y dinero resolviendo primero los desaf\u00edos de construcci\u00f3n en 3D: visualice las condiciones del sitio, las conexiones estructurales y los sistemas de construcci\u00f3n.<br>o Comparte un enlace para ver modelos en cualquier navegador o presenta tu idea con recorridos virtuales. Detecta discrepancias, ayuda a los propietarios a evaluar los planos y obt\u00e9n la aprobaci\u00f3n antes de<br>pedir materiales.<\/p><\/div>\n<\/div><\/div><\/div><\/div>\n<\/div><\/div><\/div>\n<\/div><\/div>\n\n\n\n<div class=\"wp-block-stackable-columns stk-block-columns stk-block stk-9b60210\" data-block-id=\"9b60210\"><div class=\"stk-row stk-inner-blocks stk-block-content stk-content-align stk-9b60210-column\">\n<div class=\"wp-block-stackable-column stk-block-column stk-column stk-block stk-a5dec26\" data-v=\"4\" data-block-id=\"a5dec26\"><div class=\"stk-column-wrapper stk-block-column__content stk-container stk-a5dec26-container stk--no-background stk--no-padding\"><div class=\"stk-block-content stk-inner-blocks stk-a5dec26-inner-blocks\">\n<div class=\"wp-block-stackable-card stk-block-card stk-block stk-6d89e30 is-style-default-2\" data-v=\"2\" data-block-id=\"6d89e30\"><style>.stk-6d89e30 .stk-block-card__image img{object-position:4% 54% !important;}<\/style><div class=\"stk--no-padding stk-container stk-6d89e30-container stk-hover-parent\"><figure class=\"stk-block-card__image stk-img-wrapper stk-image--shape-stretch\"><img loading=\"lazy\" decoding=\"async\" class=\"stk-img wp-image-809\" src=\"https:\/\/sketchup.geosysteming.com\/wp-content\/uploads\/2026\/02\/ContentInt-scaled.jpg\" width=\"2560\" height=\"1248\" srcset=\"https:\/\/sketchup.geosysteming.com\/wp-content\/uploads\/2026\/02\/ContentInt-scaled.jpg 2560w, https:\/\/sketchup.geosysteming.com\/wp-content\/uploads\/2026\/02\/ContentInt-300x146.jpg 300w, https:\/\/sketchup.geosysteming.com\/wp-content\/uploads\/2026\/02\/ContentInt-1024x499.jpg 1024w, https:\/\/sketchup.geosysteming.com\/wp-content\/uploads\/2026\/02\/ContentInt-768x374.jpg 768w, https:\/\/sketchup.geosysteming.com\/wp-content\/uploads\/2026\/02\/ContentInt-1536x749.jpg 1536w, https:\/\/sketchup.geosysteming.com\/wp-content\/uploads\/2026\/02\/ContentInt-2048x998.jpg 2048w, https:\/\/sketchup.geosysteming.com\/wp-content\/uploads\/2026\/02\/ContentInt-600x293.jpg 600w\" sizes=\"auto, (max-width: 2560px) 100vw, 2560px\" \/><\/figure><div class=\"stk-container-padding stk-block-card__content\"><div class=\"stk-block-content stk-inner-blocks stk-6d89e30-inner-blocks\">\n<div class=\"wp-block-stackable-heading stk-block-heading stk-block-heading--v2 stk-block stk-092258c\" id=\"diseno-de-interiores\" data-block-id=\"092258c\"><h2 class=\"stk-block-heading__text\">Dise\u00f1o de interiores<\/h2><\/div>\n\n\n\n<div class=\"wp-block-stackable-text stk-block-text stk-block stk-69eb38e\" data-block-id=\"69eb38e\"><p class=\"stk-block-text__text has-text-align-justify\">o Visualice espacios en 3D, cree planos y moodboards y aplique o cree materiales fotorrealistas personalizados para hacer realidad su pr\u00f3xima renovaci\u00f3n residencial o espacio interior comercial.<br>o Aprovecha m\u00e1s de cuatro millones de recursos predise\u00f1ados en 3D Warehouse para agilizar tu flujo de trabajo. Encuentra los productos, colecciones de materiales y objetos configurables de tus fabricantes<br>favoritos e incorp\u00f3ralos directamente a tu modelo.<br>o Fortalece la alineaci\u00f3n con herramientas profesionales que transmiten tu visi\u00f3n, desde la intenci\u00f3n estil\u00edstica hasta la claridad fotorrealista. Comparte y recopila opiniones gracias a los comentarios en la<br>aplicaci\u00f3n y la visualizaci\u00f3n en tiempo real.<br>o Desde dibujos lineales profesionales y detallados hasta im\u00e1genes fotorrealistas y ricas, sumerja a los clientes en su futuro espacio con materialidad realista y un sentido de lugar m\u00e1s fuerte para ganar m\u00e1s<br>trabajo.<\/p><\/div>\n<\/div><\/div><\/div><\/div>\n<\/div><\/div><\/div>\n\n\n\n<div class=\"wp-block-stackable-column stk-block-column stk-column stk-block stk-70b406f\" data-v=\"4\" data-block-id=\"70b406f\"><div class=\"stk-column-wrapper stk-block-column__content stk-container stk-70b406f-container stk--no-background stk--no-padding\"><div class=\"stk-block-content stk-inner-blocks stk-70b406f-inner-blocks\">\n<div class=\"wp-block-stackable-card stk-block-card stk-block stk-09ac257 is-style-default-2\" data-v=\"2\" data-block-id=\"09ac257\"><style>.stk-09ac257 .stk-block-card__image img{object-position:15% 60% !important;}<\/style><div class=\"stk--no-padding stk-container stk-09ac257-container stk-hover-parent\"><figure class=\"stk-block-card__image stk-img-wrapper stk-image--shape-stretch\"><img loading=\"lazy\" decoding=\"async\" class=\"stk-img wp-image-814\" src=\"https:\/\/sketchup.geosysteming.com\/wp-content\/uploads\/2026\/02\/ComCtr_V01_Exterior-1pt_RENDER-scaled.jpg\" width=\"2560\" height=\"1248\" srcset=\"https:\/\/sketchup.geosysteming.com\/wp-content\/uploads\/2026\/02\/ComCtr_V01_Exterior-1pt_RENDER-scaled.jpg 2560w, https:\/\/sketchup.geosysteming.com\/wp-content\/uploads\/2026\/02\/ComCtr_V01_Exterior-1pt_RENDER-300x146.jpg 300w, https:\/\/sketchup.geosysteming.com\/wp-content\/uploads\/2026\/02\/ComCtr_V01_Exterior-1pt_RENDER-1024x499.jpg 1024w, https:\/\/sketchup.geosysteming.com\/wp-content\/uploads\/2026\/02\/ComCtr_V01_Exterior-1pt_RENDER-768x374.jpg 768w, https:\/\/sketchup.geosysteming.com\/wp-content\/uploads\/2026\/02\/ComCtr_V01_Exterior-1pt_RENDER-1536x749.jpg 1536w, https:\/\/sketchup.geosysteming.com\/wp-content\/uploads\/2026\/02\/ComCtr_V01_Exterior-1pt_RENDER-2048x998.jpg 2048w, https:\/\/sketchup.geosysteming.com\/wp-content\/uploads\/2026\/02\/ComCtr_V01_Exterior-1pt_RENDER-600x293.jpg 600w\" sizes=\"auto, (max-width: 2560px) 100vw, 2560px\" \/><\/figure><div class=\"stk-container-padding stk-block-card__content\"><div class=\"stk-block-content stk-inner-blocks stk-09ac257-inner-blocks\">\n<div class=\"wp-block-stackable-heading stk-block-heading stk-block-heading--v2 stk-block stk-86287a4\" id=\"arquitectura-del-paisaje\" data-block-id=\"86287a4\"><h2 class=\"stk-block-heading__text\">Arquitectura del paisaje<\/h2><\/div>\n\n\n\n<div class=\"wp-block-stackable-text stk-block-text stk-block stk-4dbbb23\" data-block-id=\"4dbbb23\"><p class=\"stk-block-text__text has-text-align-justify\">o Convierta r\u00e1pidamente curvas de nivel en superficies, aplique elementos de paisajismo sobre terrenos irregulares y modifique el terreno existente. Importe archivos CAD 2D, datos de escaneo o im\u00e1genes del terreno.<br>o El software de modelado de arquitectura paisaj\u00edstica de SketchUp se integra con una variedad de formatos de archivos 3D y 2D, por lo que su flujo de trabajo nunca se interrumpe.<\/p><\/div>\n<\/div><\/div><\/div><\/div>\n<\/div><\/div><\/div>\n\n\n\n<div class=\"wp-block-stackable-column stk-block-column stk-column stk-block stk-9a57778\" data-v=\"4\" data-block-id=\"9a57778\"><div class=\"stk-column-wrapper stk-block-column__content stk-container stk-9a57778-container stk--no-background stk--no-padding\"><div class=\"stk-block-content stk-inner-blocks stk-9a57778-inner-blocks\">\n<div class=\"wp-block-stackable-card stk-block-card stk-block stk-8be9db4 is-style-default-2\" data-v=\"2\" data-block-id=\"8be9db4\"><style>.stk-8be9db4 .stk-block-card__image img{object-position:8% 56.00000000000001% !important;}<\/style><div class=\"stk--no-padding stk-container stk-8be9db4-container stk-hover-parent\"><figure class=\"stk-block-card__image stk-img-wrapper stk-image--shape-stretch\"><img loading=\"lazy\" decoding=\"async\" class=\"stk-img wp-image-852\" src=\"https:\/\/sketchup.geosysteming.com\/wp-content\/uploads\/2026\/02\/SU-Launch-2026-Social-Channel-1200x1200-2.png\" width=\"1200\" height=\"960\" srcset=\"https:\/\/sketchup.geosysteming.com\/wp-content\/uploads\/2026\/02\/SU-Launch-2026-Social-Channel-1200x1200-2.png 1200w, https:\/\/sketchup.geosysteming.com\/wp-content\/uploads\/2026\/02\/SU-Launch-2026-Social-Channel-1200x1200-2-300x240.png 300w, https:\/\/sketchup.geosysteming.com\/wp-content\/uploads\/2026\/02\/SU-Launch-2026-Social-Channel-1200x1200-2-1024x819.png 1024w, https:\/\/sketchup.geosysteming.com\/wp-content\/uploads\/2026\/02\/SU-Launch-2026-Social-Channel-1200x1200-2-768x614.png 768w, https:\/\/sketchup.geosysteming.com\/wp-content\/uploads\/2026\/02\/SU-Launch-2026-Social-Channel-1200x1200-2-600x480.png 600w\" sizes=\"auto, (max-width: 1200px) 100vw, 1200px\" \/><\/figure><div class=\"stk-container-padding stk-block-card__content\"><div class=\"stk-block-content stk-inner-blocks stk-8be9db4-inner-blocks\">\n<div class=\"wp-block-stackable-heading stk-block-heading stk-block-heading--v2 stk-block stk-b444228\" id=\"planificacion-urbana\" data-block-id=\"b444228\"><h2 class=\"stk-block-heading__text\">Planificaci\u00f3n urbana<\/h2><\/div>\n\n\n\n<div class=\"wp-block-stackable-text stk-block-text stk-block stk-1285ab0\" data-block-id=\"1285ab0\"><p class=\"stk-block-text__text\">o Modele la vegetaci\u00f3n con un solo clic, genere representaciones fotorrealistas y m\u00e1s con extensiones de terceros.<br>o Fomenta la participaci\u00f3n de la comunidad y de tus clientes con ilustraciones y animaciones accesibles. Env\u00eda tu modelo 3D a LayOut para crear planos 2D detallados o usa recorridos para dar vida a los planos de tu sitio.<br>o Convierta r\u00e1pidamente curvas de nivel en superficies, aplique elementos de paisajismo sobre terrenos irregulares y modifique el terreno existente. Incorpore las condiciones del sitio o im\u00e1genes del terreno con un solo clic.<\/p><\/div>\n<\/div><\/div><\/div><\/div>\n<\/div><\/div><\/div>\n<\/div><\/div>\n","protected":false},"excerpt":{"rendered":"<p>Arquitectura o SketchUp est\u00e1 dise\u00f1ado para funcionar como tu mano: m\u00e1s como un l\u00e1piz que como un software de modelado 3D complejo. Dibuja todo lo que imagines, con eficiencia.o Comunique sus dise\u00f1os en 2D con precisi\u00f3n. Dibuje planos, alzados, secciones y detalles. Lo mejor: cuando su modelo cambia, tambi\u00e9n lo hacen sus documentos. F\u00e1cil.o Desde [&hellip;]<\/p>\n","protected":false},"author":1,"featured_media":0,"parent":0,"menu_order":0,"comment_status":"closed","ping_status":"closed","template":"","meta":{"footnotes":""},"class_list":["post-721","page","type-page","status-publish","hentry"],"blocksy_meta":[],"_links":{"self":[{"href":"https:\/\/sketchup.geosysteming.com\/index.php\/wp-json\/wp\/v2\/pages\/721","targetHints":{"allow":["GET"]}}],"collection":[{"href":"https:\/\/sketchup.geosysteming.com\/index.php\/wp-json\/wp\/v2\/pages"}],"about":[{"href":"https:\/\/sketchup.geosysteming.com\/index.php\/wp-json\/wp\/v2\/types\/page"}],"author":[{"embeddable":true,"href":"https:\/\/sketchup.geosysteming.com\/index.php\/wp-json\/wp\/v2\/users\/1"}],"replies":[{"embeddable":true,"href":"https:\/\/sketchup.geosysteming.com\/index.php\/wp-json\/wp\/v2\/comments?post=721"}],"version-history":[{"count":13,"href":"https:\/\/sketchup.geosysteming.com\/index.php\/wp-json\/wp\/v2\/pages\/721\/revisions"}],"predecessor-version":[{"id":853,"href":"https:\/\/sketchup.geosysteming.com\/index.php\/wp-json\/wp\/v2\/pages\/721\/revisions\/853"}],"wp:attachment":[{"href":"https:\/\/sketchup.geosysteming.com\/index.php\/wp-json\/wp\/v2\/media?parent=721"}],"curies":[{"name":"wp","href":"https:\/\/api.w.org\/{rel}","templated":true}]}}